{"id":29,"date":"2020-08-24T15:00:17","date_gmt":"2020-08-24T13:00:17","guid":{"rendered":"https:\/\/dialoguefrancorusse.com\/?page_id=29"},"modified":"2024-12-17T12:55:00","modified_gmt":"2024-12-17T11:55:00","slug":"nous-contacter","status":"publish","type":"page","link":"https:\/\/dialoguefrancorusse.com\/ru\/%d1%81%d0%b2%d1%8f%d0%b7%d1%8b%d0%b2%d0%b0%d1%82%d1%8c%d1%81%d1%8f-%d1%81-%d0%bd%d0%b0%d0%bc%d0%b8\/","title":{"rendered":"\u0441\u0432\u044f\u0437\u0430\u0442\u044c\u0441\u044f \u0441 \u043d\u0430\u043c\u0438"},"content":{"rendered":"<div data-elementor-type=\"wp-page\" data-elementor-id=\"29\" class=\"elementor elementor-29\" data-elementor-settings=\"[]\">\n\t\t\t\t\t\t<div class=\"elementor-inner\">\n\t\t\t\t\t\t\t<div class=\"elementor-section-wrap\">\n\t\t\t\t\t\t\t<section class=\"elementor-section elementor-top-section elementor-element elementor-element-3275b67 elementor-section-full_width elementor-section-height-min-height elementor-section-items-top elementor-section-height-default\" data-id=\"3275b67\" data-element_type=\"section\" data-settings=\"{&quot;background_background&quot;:&quot;slideshow&quot;,&quot;background_slideshow_gallery&quot;:[{&quot;id&quot;:676,&quot;url&quot;:&quot;https:\\\/\\\/dialoguefrancorusse.com\\\/wp-content\\\/uploads\\\/2020\\\/09\\\/moscou-aux-couleurs-de-l-hiver_p2.jpg&quot;},{&quot;id&quot;:5370,&quot;url&quot;:&quot;https:\\\/\\\/dialoguefrancorusse.com\\\/wp-content\\\/uploads\\\/2020\\\/10\\\/Paris_Pont_Alexandre-III__Grand_Palais_June_2014-scaled.jpg&quot;}],&quot;background_slideshow_ken_burns&quot;:&quot;yes&quot;,&quot;background_slideshow_loop&quot;:&quot;yes&quot;,&quot;background_slideshow_slide_duration&quot;:5000,&quot;background_slideshow_slide_transition&quot;:&quot;fade&quot;,&quot;background_slideshow_transition_duration&quot;:500,&quot;background_slideshow_ken_burns_zoom_direction&quot;:&quot;in&quot;}\">\n\t\t\t\t\t\t\t<div class=\"elementor-background-overlay\"><\/div>\n\t\t\t\t\t\t\t<div class=\"elementor-container elementor-column-gap-default\">\n\t\t\t\t\t\t\t<div class=\"elementor-row\">\n\t\t\t\t\t<div class=\"elementor-column elementor-col-100 elementor-top-column elementor-element elementor-element-73410ac\" data-id=\"73410ac\" data-element_type=\"column\">\n\t\t\t<div class=\"elementor-column-wrap elementor-element-populated\">\n\t\t\t\t\t\t\t<div class=\"elementor-widget-wrap\">\n\t\t\t\t\t\t<div class=\"elementor-element elementor-element-97bc5da elementor-widget elementor-widget-breadcrumbs\" data-id=\"97bc5da\" data-element_type=\"widget\" data-widget_type=\"breadcrumbs.default\">\n\t\t\t\t<div class=\"elementor-widget-container\">\n\t\t\t<p id=\"breadcrumbs\"><span><span><a href=\"https:\/\/dialoguefrancorusse.com\/ru\/\">\u0413\u043b\u0430\u0432\u043d\u0430\u044f \u0441\u0442\u0440\u0430\u043d\u0438\u0446\u0430<\/a><\/span><\/p>\t\t<\/div>\n\t\t\t\t<\/div>\n\t\t\t\t<section class=\"elementor-section elementor-inner-section elementor-element elementor-element-e29e6a0 elementor-section-boxed elementor-section-height-default elementor-section-height-default\" data-id=\"e29e6a0\" data-element_type=\"section\">\n\t\t\t\t\t\t<div class=\"elementor-container elementor-column-gap-default\">\n\t\t\t\t\t\t\t<div class=\"elementor-row\">\n\t\t\t\t\t<div class=\"elementor-column elementor-col-100 elementor-inner-column elementor-element elementor-element-08418cf\" data-id=\"08418cf\" data-element_type=\"column\">\n\t\t\t<div class=\"elementor-column-wrap elementor-element-populated\">\n\t\t\t\t\t\t\t<div class=\"elementor-widget-wrap\">\n\t\t\t\t\t\t<div class=\"elementor-element elementor-element-f6c30a3 elementor-widget elementor-widget-spacer\" data-id=\"f6c30a3\" data-element_type=\"widget\" data-widget_type=\"spacer.default\">\n\t\t\t\t<div class=\"elementor-widget-container\">\n\t\t\t\t\t<div class=\"elementor-spacer\">\n\t\t\t<div class=\"elementor-spacer-inner\"><\/div>\n\t\t<\/div>\n\t\t\t\t<\/div>\n\t\t\t\t<\/div>\n\t\t\t\t<div class=\"elementor-element elementor-element-6cf5ef2 elementor-widget elementor-widget-heading\" data-id=\"6cf5ef2\" data-element_type=\"widget\" data-widget_type=\"heading.default\">\n\t\t\t\t<div class=\"elementor-widget-container\">\n\t\t\t<h2 class=\"elementor-heading-title elementor-size-default\">\u0421\u0432\u044f\u0436\u0438\u0442\u0435\u0441\u044c \u0441 \u043d\u0430\u043c\u0438<\/h2>\t\t<\/div>\n\t\t\t\t<\/div>\n\t\t\t\t<div class=\"elementor-element elementor-element-6d749de elementor-widget elementor-widget-spacer\" data-id=\"6d749de\" data-element_type=\"widget\" data-widget_type=\"spacer.default\">\n\t\t\t\t<div class=\"elementor-widget-container\">\n\t\t\t\t\t<div class=\"elementor-spacer\">\n\t\t\t<div class=\"elementor-spacer-inner\"><\/div>\n\t\t<\/div>\n\t\t\t\t<\/div>\n\t\t\t\t<\/div>\n\t\t\t\t<div class=\"elementor-element elementor-element-521006a elementor-widget elementor-widget-text-editor\" data-id=\"521006a\" data-element_type=\"widget\" data-widget_type=\"text-editor.default\">\n\t\t\t\t<div class=\"elementor-widget-container\">\n\t\t\t\t\t<div class=\"elementor-text-editor elementor-clearfix\"><p>\u0412\u044b \u043c\u043e\u0436\u0435\u0442\u0435 \u0441\u0432\u044f\u0437\u0430\u0442\u044c\u0441\u044f \u0441 \u043d\u0430\u043c\u0438, \u0443\u043a\u0430\u0437\u0430\u0432 \u043e\u0431\u043b\u0430\u0441\u0442\u044c \u0434\u0435\u044f\u0442\u0435\u043b\u044c\u043d\u043e\u0441\u0442\u0438 \u0438 \u043a\u043e\u043e\u0440\u0434\u0438\u043d\u0430\u0442\u044b<\/p><\/div>\n\t\t\t\t<\/div>\n\t\t\t\t<\/div>\n\t\t\t\t\t\t<\/div>\n\t\t\t\t\t<\/div>\n\t\t<\/div>\n\t\t\t\t\t\t\t\t<\/div>\n\t\t\t\t\t<\/div>\n\t\t<\/section>\n\t\t\t\t\t\t<\/div>\n\t\t\t\t\t<\/div>\n\t\t<\/div>\n\t\t\t\t\t\t\t\t<\/div>\n\t\t\t\t\t<\/div>\n\t\t<\/section>\n\t\t\t\t<section class=\"elementor-section elementor-top-section elementor-element elementor-element-4aedd4e elementor-section-boxed elementor-section-height-default elementor-section-height-default\" data-id=\"4aedd4e\" data-element_type=\"section\" data-settings=\"{&quot;background_background&quot;:&quot;classic&quot;}\">\n\t\t\t\t\t\t<div class=\"elementor-container elementor-column-gap-default\">\n\t\t\t\t\t\t\t<div class=\"elementor-row\">\n\t\t\t\t\t<div class=\"elementor-column elementor-col-100 elementor-top-column elementor-element elementor-element-7a341eb\" data-id=\"7a341eb\" data-element_type=\"column\">\n\t\t\t<div class=\"elementor-column-wrap elementor-element-populated\">\n\t\t\t\t\t\t\t<div class=\"elementor-widget-wrap\">\n\t\t\t\t\t\t<section class=\"elementor-section elementor-inner-section elementor-element elementor-element-f9af2db elementor-section-boxed elementor-section-height-default elementor-section-height-default\" data-id=\"f9af2db\" data-element_type=\"section\" data-settings=\"{&quot;background_background&quot;:&quot;classic&quot;}\">\n\t\t\t\t\t\t<div class=\"elementor-container elementor-column-gap-default\">\n\t\t\t\t\t\t\t<div class=\"elementor-row\">\n\t\t\t\t\t<div class=\"elementor-column elementor-col-100 elementor-inner-column elementor-element elementor-element-be7b90e\" data-id=\"be7b90e\" data-element_type=\"column\">\n\t\t\t<div class=\"elementor-column-wrap elementor-element-populated\">\n\t\t\t\t\t\t\t<div class=\"elementor-widget-wrap\">\n\t\t\t\t\t\t<div class=\"elementor-element elementor-element-60f8c44 elementor-widget elementor-widget-heading\" data-id=\"60f8c44\" data-element_type=\"widget\" data-widget_type=\"heading.default\">\n\t\t\t\t<div class=\"elementor-widget-container\">\n\t\t\t<h2 class=\"elementor-heading-title elementor-size-default\">\u041d\u0430\u0448\u0438 \u043a\u043e\u043e\u0440\u0434\u0438\u043d\u0430\u0442\u044b<\/h2>\t\t<\/div>\n\t\t\t\t<\/div>\n\t\t\t\t<div class=\"elementor-element elementor-element-4c4d212 elementor-widget-divider--view-line elementor-widget elementor-widget-divider\" data-id=\"4c4d212\" data-element_type=\"widget\" data-widget_type=\"divider.default\">\n\t\t\t\t<div class=\"elementor-widget-container\">\n\t\t\t\t\t<div class=\"elementor-divider\">\n\t\t\t<span class=\"elementor-divider-separator\">\n\t\t\t\t\t\t<\/span>\n\t\t<\/div>\n\t\t\t\t<\/div>\n\t\t\t\t<\/div>\n\t\t\t\t<div class=\"elementor-element elementor-element-edb4df8 elementor-widget elementor-widget-text-editor\" data-id=\"edb4df8\" data-element_type=\"widget\" data-widget_type=\"text-editor.default\">\n\t\t\t\t<div class=\"elementor-widget-container\">\n\t\t\t\t\t<div class=\"elementor-text-editor elementor-clearfix\"><p><b>Pour nous contacter, \u00e9crivez-nous ici : info@dialoguefrancorusse.com<\/b><\/p><p>Association Dialogue Franco Russee<\/p><p>\u0422\u0435\u043b.: 01 53 89 60 16<\/p><p>\u00a0<\/p><\/div>\n\t\t\t\t<\/div>\n\t\t\t\t<\/div>\n\t\t\t\t\t\t<\/div>\n\t\t\t\t\t<\/div>\n\t\t<\/div>\n\t\t\t\t\t\t\t\t<\/div>\n\t\t\t\t\t<\/div>\n\t\t<\/section>\n\t\t\t\t<div class=\"elementor-element elementor-element-97a6608 elementor-widget elementor-widget-spacer\" data-id=\"97a6608\" data-element_type=\"widget\" data-widget_type=\"spacer.default\">\n\t\t\t\t<div class=\"elementor-widget-container\">\n\t\t\t\t\t<div class=\"elementor-spacer\">\n\t\t\t<div class=\"elementor-spacer-inner\"><\/div>\n\t\t<\/div>\n\t\t\t\t<\/div>\n\t\t\t\t<\/div>\n\t\t\t\t\t\t<\/div>\n\t\t\t\t\t<\/div>\n\t\t<\/div>\n\t\t\t\t\t\t\t\t<\/div>\n\t\t\t\t\t<\/div>\n\t\t<\/section>\n\t\t\t\t<section class=\"elementor-section elementor-top-section elementor-element elementor-element-b3b072b elementor-section-boxed elementor-section-height-default elementor-section-height-default\" data-id=\"b3b072b\" data-element_type=\"section\">\n\t\t\t\t\t\t<div class=\"elementor-container elementor-column-gap-default\">\n\t\t\t\t\t\t\t<div class=\"elementor-row\">\n\t\t\t\t\t<div class=\"elementor-column elementor-col-100 elementor-top-column elementor-element elementor-element-12c8aa8\" data-id=\"12c8aa8\" data-element_type=\"column\">\n\t\t\t<div class=\"elementor-column-wrap\">\n\t\t\t\t\t\t\t<div class=\"elementor-widget-wrap\">\n\t\t\t\t\t\t\t\t<\/div>\n\t\t\t\t\t<\/div>\n\t\t<\/div>\n\t\t\t\t\t\t\t\t<\/div>\n\t\t\t\t\t<\/div>\n\t\t<\/section>\n\t\t\t\t\t\t<\/div>\n\t\t\t\t\t\t<\/div>\n\t\t\t\t\t<\/div>","protected":false},"excerpt":{"rendered":"<p>Nous contacter Vous pouvez, si vous-\u00eates journaliste, sympathisant ou curieux, nous contacter par le biais de ce formulaire. Coordonn\u00e9es Pour nous contacter, \u00e9crivez-nous ici : info@dialoguefrancorusse.com Association Dialogue Franco Russee Tel : 01 53 89 60 16 \u00a0<\/p>","protected":false},"author":1,"featured_media":0,"parent":0,"menu_order":0,"comment_status":"closed","ping_status":"closed","template":"","meta":{"footnotes":""},"class_list":["post-29","page","type-page","status-publish","hentry"],"yoast_head":"<!-- This site is optimized with the Yoast SEO plugin v15.1.1 - https:\/\/yoast.com\/wordpress\/plugins\/seo\/ -->\n<title>nous contacter - Dialogue Franco Russe<\/title>\n<meta name=\"robots\" content=\"index, follow, max-snippet:-1, max-image-preview:large, max-video-preview:-1\" \/>\n<link rel=\"canonical\" href=\"https:\/\/dialoguefrancorusse.com\/ru\/\u0441\u0432\u044f\u0437\u044b\u0432\u0430\u0442\u044c\u0441\u044f-\u0441-\u043d\u0430\u043c\u0438\/\" \/>\n<meta property=\"og:locale\" content=\"ru_RU\" \/>\n<meta property=\"og:type\" content=\"article\" \/>\n<meta property=\"og:title\" content=\"nous contacter - Dialogue Franco Russe\" \/>\n<meta property=\"og:description\" content=\"Nous contacter Vous pouvez, si vous-\u00eates journaliste, sympathisant ou curieux, nous contacter par le biais de ce formulaire. Coordonn\u00e9es Pour nous contacter, \u00e9crivez-nous ici : info@dialoguefrancorusse.com Association Dialogue Franco Russee Tel : 01 53 89 60 16 \u00a0\" \/>\n<meta property=\"og:url\" content=\"https:\/\/dialoguefrancorusse.com\/ru\/\u0441\u0432\u044f\u0437\u044b\u0432\u0430\u0442\u044c\u0441\u044f-\u0441-\u043d\u0430\u043c\u0438\/\" \/>\n<meta property=\"og:site_name\" content=\"Dialogue Franco Russe\" \/>\n<meta property=\"article:publisher\" content=\"https:\/\/www.facebook.com\/dialoguefrancorusse\" \/>\n<meta property=\"article:modified_time\" content=\"2024-12-17T11:55:00+00:00\" \/>\n<meta name=\"twitter:card\" content=\"summary_large_image\" \/>\n<meta name=\"twitter:creator\" content=\"@dfr_paris\" \/>\n<meta name=\"twitter:site\" content=\"@dfr_paris\" \/>\n<script type=\"application\/ld+json\" class=\"yoast-schema-graph\">{\"@context\":\"https:\/\/schema.org\",\"@graph\":[{\"@type\":\"Organization\",\"@id\":\"https:\/\/dialoguefrancorusse.com\/ru\/#organization\",\"name\":\"Le Dialogue Franco Russe\",\"url\":\"https:\/\/dialoguefrancorusse.com\/ru\/\",\"sameAs\":[\"https:\/\/www.facebook.com\/dialoguefrancorusse\",\"https:\/\/www.youtube.com\/channel\/UC4MM3nXMxntRGNmZSClxz_g\",\"https:\/\/twitter.com\/dfr_paris\"],\"logo\":{\"@type\":\"ImageObject\",\"@id\":\"https:\/\/dialoguefrancorusse.com\/ru\/#logo\",\"inLanguage\":\"ru-RU\",\"url\":\"https:\/\/dialoguefrancorusse.com\/wp-content\/uploads\/2020\/08\/logo-detoure.png\",\"width\":597,\"height\":293,\"caption\":\"Le Dialogue Franco Russe\"},\"image\":{\"@id\":\"https:\/\/dialoguefrancorusse.com\/ru\/#logo\"}},{\"@type\":\"WebSite\",\"@id\":\"https:\/\/dialoguefrancorusse.com\/ru\/#website\",\"url\":\"https:\/\/dialoguefrancorusse.com\/ru\/\",\"name\":\"Dialogue Franco Russe\",\"description\":\"\",\"publisher\":{\"@id\":\"https:\/\/dialoguefrancorusse.com\/ru\/#organization\"},\"potentialAction\":[{\"@type\":\"SearchAction\",\"target\":\"https:\/\/dialoguefrancorusse.com\/ru\/?s={search_term_string}\",\"query-input\":\"required name=search_term_string\"}],\"inLanguage\":\"ru-RU\"},{\"@type\":\"WebPage\",\"@id\":\"https:\/\/dialoguefrancorusse.com\/nous-contacter\/#webpage\",\"url\":\"https:\/\/dialoguefrancorusse.com\/nous-contacter\/\",\"name\":\"nous contacter - Dialogue Franco Russe\",\"isPartOf\":{\"@id\":\"https:\/\/dialoguefrancorusse.com\/ru\/#website\"},\"datePublished\":\"2020-08-24T13:00:17+00:00\",\"dateModified\":\"2024-12-17T11:55:00+00:00\",\"breadcrumb\":{\"@id\":\"https:\/\/dialoguefrancorusse.com\/nous-contacter\/#breadcrumb\"},\"inLanguage\":\"ru-RU\",\"potentialAction\":[{\"@type\":\"ReadAction\",\"target\":[\"https:\/\/dialoguefrancorusse.com\/nous-contacter\/\"]}]},{\"@type\":\"BreadcrumbList\",\"@id\":\"https:\/\/dialoguefrancorusse.com\/nous-contacter\/#breadcrumb\",\"itemListElement\":[{\"@type\":\"ListItem\",\"position\":1,\"item\":{\"@type\":\"WebPage\",\"@id\":\"https:\/\/dialoguefrancorusse.com\/\",\"url\":\"https:\/\/dialoguefrancorusse.com\/\",\"name\":\"Accueil\"}},{\"@type\":\"ListItem\",\"position\":2,\"item\":{\"@type\":\"WebPage\",\"@id\":\"https:\/\/dialoguefrancorusse.com\/nous-contacter\/\",\"url\":\"https:\/\/dialoguefrancorusse.com\/nous-contacter\/\",\"name\":\"nous contacter\"}}]}]}<\/script>\n<!-- \/ Yoast SEO plugin. -->","_links":{"self":[{"href":"https:\/\/dialoguefrancorusse.com\/ru\/wp-json\/wp\/v2\/pages\/29","targetHints":{"allow":["GET"]}}],"collection":[{"href":"https:\/\/dialoguefrancorusse.com\/ru\/wp-json\/wp\/v2\/pages"}],"about":[{"href":"https:\/\/dialoguefrancorusse.com\/ru\/wp-json\/wp\/v2\/types\/page"}],"author":[{"embeddable":true,"href":"https:\/\/dialoguefrancorusse.com\/ru\/wp-json\/wp\/v2\/users\/1"}],"replies":[{"embeddable":true,"href":"https:\/\/dialoguefrancorusse.com\/ru\/wp-json\/wp\/v2\/comments?post=29"}],"version-history":[{"count":17,"href":"https:\/\/dialoguefrancorusse.com\/ru\/wp-json\/wp\/v2\/pages\/29\/revisions"}],"predecessor-version":[{"id":6158,"href":"https:\/\/dialoguefrancorusse.com\/ru\/wp-json\/wp\/v2\/pages\/29\/revisions\/6158"}],"wp:attachment":[{"href":"https:\/\/dialoguefrancorusse.com\/ru\/wp-json\/wp\/v2\/media?parent=29"}],"curies":[{"name":"wp","href":"https:\/\/api.w.org\/{rel}","templated":true}]}}