{"id":27,"date":"2020-08-24T14:59:35","date_gmt":"2020-08-24T12:59:35","guid":{"rendered":"https:\/\/dialoguefrancorusse.com\/?page_id=27"},"modified":"2024-12-16T15:02:23","modified_gmt":"2024-12-16T14:02:23","slug":"nous-soutenir","status":"publish","type":"page","link":"https:\/\/dialoguefrancorusse.com\/ru\/we-support\/","title":{"rendered":"\u043f\u043e\u0434\u0434\u0435\u0440\u0436\u0430\u0442\u044c \u043d\u0430\u0441"},"content":{"rendered":"<div data-elementor-type=\"wp-page\" data-elementor-id=\"27\" class=\"elementor elementor-27\" data-elementor-settings=\"[]\">\n\t\t\t\t\t\t<div class=\"elementor-inner\">\n\t\t\t\t\t\t\t<div class=\"elementor-section-wrap\">\n\t\t\t\t\t\t\t<section class=\"elementor-section elementor-top-section elementor-element elementor-element-b84dfec elementor-section-full_width elementor-section-height-min-height elementor-section-items-top elementor-section-height-default\" data-id=\"b84dfec\" data-element_type=\"section\">\n\t\t\t\t\t\t\t<div class=\"elementor-background-overlay\"><\/div>\n\t\t\t\t\t\t\t<div class=\"elementor-container elementor-column-gap-default\">\n\t\t\t\t\t\t\t<div class=\"elementor-row\">\n\t\t\t\t\t<div class=\"elementor-column elementor-col-100 elementor-top-column elementor-element elementor-element-dfdcd0b\" data-id=\"dfdcd0b\" data-element_type=\"column\">\n\t\t\t<div class=\"elementor-column-wrap elementor-element-populated\">\n\t\t\t\t\t\t\t<div class=\"elementor-widget-wrap\">\n\t\t\t\t\t\t<div class=\"elementor-element elementor-element-2ead669 elementor-widget elementor-widget-breadcrumbs\" data-id=\"2ead669\" data-element_type=\"widget\" data-widget_type=\"breadcrumbs.default\">\n\t\t\t\t<div class=\"elementor-widget-container\">\n\t\t\t<p id=\"breadcrumbs\"><span><span><a href=\"https:\/\/dialoguefrancorusse.com\/ru\/\">\u0413\u043b\u0430\u0432\u043d\u0430\u044f \u0441\u0442\u0440\u0430\u043d\u0438\u0446\u0430<\/a><\/span><\/p>\t\t<\/div>\n\t\t\t\t<\/div>\n\t\t\t\t<section class=\"elementor-section elementor-inner-section elementor-element elementor-element-b21b248 elementor-section-boxed elementor-section-height-default elementor-section-height-default\" data-id=\"b21b248\" data-element_type=\"section\">\n\t\t\t\t\t\t<div class=\"elementor-container elementor-column-gap-default\">\n\t\t\t\t\t\t\t<div class=\"elementor-row\">\n\t\t\t\t\t<div class=\"elementor-column elementor-col-100 elementor-inner-column elementor-element elementor-element-07e7613\" data-id=\"07e7613\" data-element_type=\"column\">\n\t\t\t<div class=\"elementor-column-wrap elementor-element-populated\">\n\t\t\t\t\t\t\t<div class=\"elementor-widget-wrap\">\n\t\t\t\t\t\t<div class=\"elementor-element elementor-element-5514e7c elementor-widget elementor-widget-spacer\" data-id=\"5514e7c\" data-element_type=\"widget\" data-widget_type=\"spacer.default\">\n\t\t\t\t<div class=\"elementor-widget-container\">\n\t\t\t\t\t<div class=\"elementor-spacer\">\n\t\t\t<div class=\"elementor-spacer-inner\"><\/div>\n\t\t<\/div>\n\t\t\t\t<\/div>\n\t\t\t\t<\/div>\n\t\t\t\t<div class=\"elementor-element elementor-element-72ca404 elementor-widget elementor-widget-heading\" data-id=\"72ca404\" data-element_type=\"widget\" data-widget_type=\"heading.default\">\n\t\t\t\t<div class=\"elementor-widget-container\">\n\t\t\t<h2 class=\"elementor-heading-title elementor-size-default\">\u041f\u043e\u0434\u0434\u0435\u0440\u0436\u0438\u0442\u0435 \u043d\u0430\u0441<\/h2>\t\t<\/div>\n\t\t\t\t<\/div>\n\t\t\t\t<div class=\"elementor-element elementor-element-f94d77b elementor-widget elementor-widget-spacer\" data-id=\"f94d77b\" data-element_type=\"widget\" data-widget_type=\"spacer.default\">\n\t\t\t\t<div class=\"elementor-widget-container\">\n\t\t\t\t\t<div class=\"elementor-spacer\">\n\t\t\t<div class=\"elementor-spacer-inner\"><\/div>\n\t\t<\/div>\n\t\t\t\t<\/div>\n\t\t\t\t<\/div>\n\t\t\t\t<div class=\"elementor-element elementor-element-edb530c elementor-widget elementor-widget-text-editor\" data-id=\"edb530c\" data-element_type=\"widget\" data-widget_type=\"text-editor.default\">\n\t\t\t\t<div class=\"elementor-widget-container\">\n\t\t\t\t\t<div class=\"elementor-text-editor elementor-clearfix\"><p>\u0412\u044b \u043c\u043e\u0436\u0435\u0442\u0435 \u043f\u043e\u0434\u0434\u0435\u0440\u0436\u0430\u0442\u044c \u0430\u0441\u0441\u043e\u0446\u0438\u0430\u0446\u0438\u044e \"\u0424\u0440\u0430\u043d\u043a\u043e-\u0420\u043e\u0441\u0441\u0438\u0439\u0441\u043a\u0438\u0439 \u0414\u0438\u0430\u043b\u043e\u0433 \", \u0441\u0434\u0435\u043b\u0430\u0432 \u043e\u0434\u043d\u043e\u0440\u0430\u0437\u043e\u0432\u043e\u0435 \u0438\u043b\u0438 \u0440\u0435\u0433\u0443\u043b\u044f\u0440\u043d\u043e\u0435 \u043f\u043e\u0436\u0435\u0440\u0442\u0432\u043e\u0432\u0430\u043d\u0438\u0435 .<\/p><p>\u041a\u0430\u043a \u043f\u043e\u0436\u0435\u0440\u0442\u0432\u043e\u0432\u0430\u043d\u0438\u0435 \u043d\u0435\u043a\u043e\u043c\u043c\u0435\u0440\u0447\u0435\u0441\u043a\u043e\u0439 \u043e\u0440\u0433\u0430\u043d\u0438\u0437\u0430\u0446\u0438\u0438, \u043e\u043d\u043e \u0431\u0443\u0434\u0435\u0442 \u0432\u044b\u0447\u0442\u0435\u043d\u043e \u0438\u0437 \u0432\u0430\u0448\u0435\u0433\u043e \u043f\u043e\u0434\u043e\u0445\u043e\u0434\u043d\u043e\u0433\u043e \u043d\u0430\u043b\u043e\u0433\u0430  (\u0434\u043b\u044f \u0433\u0440\u0430\u0436\u0434\u0430\u043d \u0424\u0440\u0430\u043d\u0446\u0438\u0438)<\/p><\/div>\n\t\t\t\t<\/div>\n\t\t\t\t<\/div>\n\t\t\t\t\t\t<\/div>\n\t\t\t\t\t<\/div>\n\t\t<\/div>\n\t\t\t\t\t\t\t\t<\/div>\n\t\t\t\t\t<\/div>\n\t\t<\/section>\n\t\t\t\t\t\t<\/div>\n\t\t\t\t\t<\/div>\n\t\t<\/div>\n\t\t\t\t\t\t\t\t<\/div>\n\t\t\t\t\t<\/div>\n\t\t<\/section>\n\t\t\t\t<section class=\"elementor-section elementor-top-section elementor-element elementor-element-f79e11b elementor-section-boxed elementor-section-height-default elementor-section-height-default\" data-id=\"f79e11b\" data-element_type=\"section\" data-settings=\"{&quot;background_background&quot;:&quot;classic&quot;}\">\n\t\t\t\t\t\t<div class=\"elementor-container elementor-column-gap-default\">\n\t\t\t\t\t\t\t<div class=\"elementor-row\">\n\t\t\t\t\t<div class=\"elementor-column elementor-col-100 elementor-top-column elementor-element elementor-element-d3c291c\" data-id=\"d3c291c\" data-element_type=\"column\">\n\t\t\t<div class=\"elementor-column-wrap elementor-element-populated\">\n\t\t\t\t\t\t\t<div class=\"elementor-widget-wrap\">\n\t\t\t\t\t\t<section class=\"elementor-section elementor-inner-section elementor-element elementor-element-cc88b5d elementor-section-boxed elementor-section-height-default elementor-section-height-default\" data-id=\"cc88b5d\" data-element_type=\"section\" data-settings=\"{&quot;background_background&quot;:&quot;classic&quot;}\">\n\t\t\t\t\t\t<div class=\"elementor-container elementor-column-gap-default\">\n\t\t\t\t\t\t\t<div class=\"elementor-row\">\n\t\t\t\t\t<div class=\"elementor-column elementor-col-100 elementor-inner-column elementor-element elementor-element-ee99fe4\" data-id=\"ee99fe4\" data-element_type=\"column\">\n\t\t\t<div class=\"elementor-column-wrap elementor-element-populated\">\n\t\t\t\t\t\t\t<div class=\"elementor-widget-wrap\">\n\t\t\t\t\t\t<div class=\"elementor-element elementor-element-3d3424f elementor-widget elementor-widget-heading\" data-id=\"3d3424f\" data-element_type=\"widget\" data-widget_type=\"heading.default\">\n\t\t\t\t<div class=\"elementor-widget-container\">\n\t\t\t<h2 class=\"elementor-heading-title elementor-size-default\">\u0412 \u043f\u043e\u0441\u043b\u0435\u0434\u043d\u044e\u044e \u043c\u0438\u043d\u0443\u0442\u0443!<\/h2>\t\t<\/div>\n\t\t\t\t<\/div>\n\t\t\t\t<div class=\"elementor-element elementor-element-0716a5a elementor-widget-divider--view-line elementor-widget elementor-widget-divider\" data-id=\"0716a5a\" data-element_type=\"widget\" data-widget_type=\"divider.default\">\n\t\t\t\t<div class=\"elementor-widget-container\">\n\t\t\t\t\t<div class=\"elementor-divider\">\n\t\t\t<span class=\"elementor-divider-separator\">\n\t\t\t\t\t\t<\/span>\n\t\t<\/div>\n\t\t\t\t<\/div>\n\t\t\t\t<\/div>\n\t\t\t\t<div class=\"elementor-element elementor-element-c2a565f elementor-widget elementor-widget-text-editor\" data-id=\"c2a565f\" data-element_type=\"widget\" data-widget_type=\"text-editor.default\">\n\t\t\t\t<div class=\"elementor-widget-container\">\n\t\t\t\t\t<div class=\"elementor-text-editor elementor-clearfix\"><p><i>\u0414\u043e\u0440\u043e\u0433\u0438\u0435 \u0434\u0440\u0443\u0437\u044c\u044f \u0424\u0440\u0430\u043d\u043a\u043e-\u0440\u043e\u0441\u0441\u0438\u0439\u0441\u043a\u043e\u0433\u043e \u0434\u0438\u0430\u043b\u043e\u0433\u0430,<\/i><\/p>\n<p><i>\u041f\u043e \u043d\u0435\u0437\u0430\u0432\u0438\u0441\u044f\u0449\u0438\u043c \u043e\u0442 \u043d\u0430\u0441 \u043f\u0440\u0438\u0447\u0438\u043d\u0430\u043c, \u043a\u043e\u0442\u043e\u0440\u044b\u0435 \u043c\u044b \u043d\u0435 \u043c\u043e\u0436\u0435\u043c \u043e\u0431\u044a\u044f\u0441\u043d\u0438\u0442\u044c \u0438\u043d\u0430\u0447\u0435, \u043a\u0430\u043a \u0441\u0442\u0440\u0435\u043c\u043b\u0435\u043d\u0438\u0435 \u043a \u0434\u0430\u043b\u044c\u043d\u0435\u0439\u0448\u0435\u0439 \u0446\u0435\u043d\u0437\u0443\u0440\u0435 \u0434\u0438\u0430\u043b\u043e\u0433\u0430 \u043c\u0435\u0436\u0434\u0443 \u043d\u0430\u0448\u0438\u043c\u0438 \u0441\u0442\u0440\u0430\u043d\u0430\u043c\u0438, \u0441\u0438\u0441\u0442\u0435\u043c\u0430 \u043f\u043e\u0436\u0435\u0440\u0442\u0432\u043e\u0432\u0430\u043d\u0438\u0439, \u043a\u043e\u0442\u043e\u0440\u0443\u044e \u043c\u044b \u0443\u0441\u0442\u0430\u043d\u043e\u0432\u0438\u043b\u0438, \u043d\u0435 \u0440\u0430\u0431\u043e\u0442\u0430\u0435\u0442 \u0443\u0436\u0435 \u043d\u0435\u0441\u043a\u043e\u043b\u044c\u043a\u043e \u0434\u043d\u0435\u0439.&nbsp;<\/i><\/p>\n<p><i>&nbsp;\u0422\u0435\u043c \u0432\u0440\u0435\u043c\u0435\u043d\u0435\u043c \u0432\u044b \u043c\u043e\u0436\u0435\u0442\u0435 \u043f\u043e\u0434\u0434\u0435\u0440\u0436\u0430\u0442\u044c \u043d\u0430\u0448\u0443 \u0430\u043a\u0446\u0438\u044e \u0434\u0432\u0443\u043c\u044f \u0441\u043f\u043e\u0441\u043e\u0431\u0430\u043c\u0438, <b>\u0431\u0430\u043d\u043a\u043e\u0432\u0441\u043a\u0438\u043c \u043f\u0435\u0440\u0435\u0432\u043e\u0434\u043e\u043c<\/b>&nbsp;\u0438\u043b\u0438&nbsp;<b>\u043f\u043e \u0447\u0435\u043a\u0443<\/b>.&nbsp;<\/i><\/p>\n<p><i>\u0421\u0435\u0439\u0447\u0430\u0441, \u043a\u0430\u043a \u043d\u0438\u043a\u043e\u0433\u0434\u0430, \u0432\u0430\u0448\u0430 \u043f\u043e\u0434\u0434\u0435\u0440\u0436\u043a\u0430 \u043d\u0435\u043e\u0431\u0445\u043e\u0434\u0438\u043c\u0430 \u043d\u0430\u043c \u0434\u043b\u044f \u043f\u0440\u043e\u0434\u043e\u043b\u0436\u0435\u043d\u0438\u044f \u043d\u0430\u0448\u0435\u0439 \u0440\u0430\u0431\u043e\u0442\u044b!<\/i><\/p>\n<p><i><strong>\u041e\u0431\u0440\u0430\u0442\u0438\u0442\u0435 \u0432\u043d\u0438\u043c\u0430\u043d\u0438\u0435, \u0447\u0442\u043e \u043f\u0440\u0435\u0434\u043f\u043e\u0447\u0442\u0435\u043d\u0438\u0435 \u043e\u0442\u0434\u0430\u0435\u0442\u0441\u044f \u0431\u0430\u043d\u043a\u043e\u0432\u0441\u043a\u0438\u043c \u043f\u0435\u0440\u0435\u0432\u043e\u0434\u0430\u043c. <\/strong>car la Poste fonctionne mal et vos ch\u00e8ques peuvent \u00eatre perdus ( ce qui nous est d\u00e9j\u00e0 arriv\u00e9&nbsp; avec plusieurs ch\u00e8ques aux montants importants). Pri\u00e8re de laisser vos coordonn\u00e9es pour vous remercier et pour garder nos liens ( envoyez un mail : info@dialoguefrancorusse.com)<\/i><\/p>\n<p>&#8211; <b>\u0411\u0430\u043d\u043a\u043e\u0432\u0441\u043a\u0438\u043c \u043f\u0435\u0440\u0435\u0432\u043e\u0434\u043e\u043c:<\/b><\/p>\n<p>\u0412\u043b\u0430\u0434\u0435\u043b\u0435\u0446 \u0441\u0447\u0435\u0442\u0430: \u0424\u0440\u0430\u043d\u043a\u043e-\u0440\u043e\u0441\u0441\u0438\u0439\u0441\u043a\u0438\u0439 \u0434\u0438\u0430\u043b\u043e\u0433<\/p>\n<p>\u041c\u0435\u0441\u0442\u043e\u043d\u0430\u0445\u043e\u0436\u0434\u0435\u043d\u0438\u0435: \u0416\u0435\u043d\u0435\u0440\u0430\u043b\u044c \u0421\u043e\u0441\u044c\u0435\u0442\u0435, \u041f\u0430\u0440\u0438\u0436, \u0446\u0435\u043d\u0442\u0440\u0430\u043b\u044c\u043d\u044b\u0439 \u0444\u0438\u043b\u0438\u0430\u043b<\/p>\n<p>\u041a\u043e\u0434 \u0431\u0430\u043d\u043a\u0430: 30003<\/p>\n<p>\u041a\u043e\u0434 \u0441\u0447\u0435\u0442\u0447\u0438\u043a\u0430: 03010<\/p>\n<p>\u041d\u043e\u043c\u0435\u0440 \u0441\u0447\u0435\u0442\u0430: 0037295314<\/p>\n<p>\u041a\u043b\u044e\u0447 RIB: 67<\/p>\n<p>\u0418\u0411\u0410\u041d: FR76 3000 3030 1000 0372 9531 467<\/p>\n<p>BIC: SOGEFRPP<\/p>\n<p>&#8211; <b>\u041f\u043e \u0447\u0435\u043a\u0443<\/b>\u041e\u043f\u043b\u0430\u0442\u0438\u0442\u044c \u043d\u0430 \u0441\u0447\u0435\u0442 \"\u0410\u0441\u0441\u043e\u0446\u0438\u0430\u0446\u0438\u0438 \u0444\u0440\u0430\u043d\u043a\u043e-\u0440\u0443\u0441\u0441\u043a\u043e\u0433\u043e \u0434\u0438\u0430\u043b\u043e\u0433\u0430\" \u0438 \u043e\u0442\u043f\u0440\u0430\u0432\u0438\u0442\u044c \u043f\u043e \u0430\u0434\u0440\u0435\u0441\u0443: 66 avenue des Champs-Elys\u00e9es, 75008 Paris.&nbsp;<\/p><\/div>\n\t\t\t\t<\/div>\n\t\t\t\t<\/div>\n\t\t\t\t\t\t<\/div>\n\t\t\t\t\t<\/div>\n\t\t<\/div>\n\t\t\t\t\t\t\t\t<\/div>\n\t\t\t\t\t<\/div>\n\t\t<\/section>\n\t\t\t\t<div class=\"elementor-element elementor-element-62d4959 elementor-widget elementor-widget-spacer\" data-id=\"62d4959\" data-element_type=\"widget\" data-widget_type=\"spacer.default\">\n\t\t\t\t<div class=\"elementor-widget-container\">\n\t\t\t\t\t<div class=\"elementor-spacer\">\n\t\t\t<div class=\"elementor-spacer-inner\"><\/div>\n\t\t<\/div>\n\t\t\t\t<\/div>\n\t\t\t\t<\/div>\n\t\t\t\t<section class=\"elementor-section elementor-inner-section elementor-element elementor-element-6336594 elementor-section-boxed elementor-section-height-default elementor-section-height-default\" data-id=\"6336594\" data-element_type=\"section\" data-settings=\"{&quot;background_background&quot;:&quot;classic&quot;}\">\n\t\t\t\t\t\t<div class=\"elementor-container elementor-column-gap-default\">\n\t\t\t\t\t\t\t<div class=\"elementor-row\">\n\t\t\t\t\t<div class=\"elementor-column elementor-col-100 elementor-inner-column elementor-element elementor-element-dd2f2bf\" data-id=\"dd2f2bf\" data-element_type=\"column\">\n\t\t\t<div class=\"elementor-column-wrap elementor-element-populated\">\n\t\t\t\t\t\t\t<div class=\"elementor-widget-wrap\">\n\t\t\t\t\t\t<div class=\"elementor-element elementor-element-1e5ff14 elementor-widget elementor-widget-heading\" data-id=\"1e5ff14\" data-element_type=\"widget\" data-widget_type=\"heading.default\">\n\t\t\t\t<div class=\"elementor-widget-container\">\n\t\t\t<h2 class=\"elementor-heading-title elementor-size-default\">\u0421\u0442\u0430\u0442\u044c \u0447\u043b\u0435\u043d\u043e\u043c<\/h2>\t\t<\/div>\n\t\t\t\t<\/div>\n\t\t\t\t<div class=\"elementor-element elementor-element-5c9ea53 elementor-widget-divider--view-line elementor-widget elementor-widget-divider\" data-id=\"5c9ea53\" data-element_type=\"widget\" data-widget_type=\"divider.default\">\n\t\t\t\t<div class=\"elementor-widget-container\">\n\t\t\t\t\t<div class=\"elementor-divider\">\n\t\t\t<span class=\"elementor-divider-separator\">\n\t\t\t\t\t\t<\/span>\n\t\t<\/div>\n\t\t\t\t<\/div>\n\t\t\t\t<\/div>\n\t\t\t\t<div class=\"elementor-element elementor-element-f2fee16 elementor-widget elementor-widget-text-editor\" data-id=\"f2fee16\" data-element_type=\"widget\" data-widget_type=\"text-editor.default\">\n\t\t\t\t<div class=\"elementor-widget-container\">\n\t\t\t\t\t<div class=\"elementor-text-editor elementor-clearfix\"><p>\u0414\u043b\u044f \u043f\u043e\u043b\u0443\u0447\u0435\u043d\u0438\u044f \u0434\u043e\u043f\u043e\u043b\u043d\u0438\u0442\u0435\u043b\u044c\u043d\u043e\u0439 \u0438\u043d\u0444\u043e\u0440\u043c\u0430\u0446\u0438\u0438, \u043f\u043e\u0436\u0430\u043b\u0443\u0439\u0441\u0442\u0430, \u0441\u0432\u044f\u0436\u0438\u0442\u0435\u0441\u044c \u0441 \u043d\u0430\u043c\u0438 \u0447\u0435\u0440\u0435\u0437 \u043a\u043e\u043d\u0442\u0430\u043a\u0442\u043d\u0443\u044e \u0444\u043e\u0440\u043c\u0443.<\/p><\/div>\n\t\t\t\t<\/div>\n\t\t\t\t<\/div>\n\t\t\t\t<div class=\"elementor-element elementor-element-596f91e elementor-align-center elementor-widget elementor-widget-button\" data-id=\"596f91e\" data-element_type=\"widget\" data-widget_type=\"button.default\">\n\t\t\t\t<div class=\"elementor-widget-container\">\n\t\t\t\t\t<div class=\"elementor-button-wrapper\">\n\t\t\t<a href=\"https:\/\/dialoguefrancorusse.com\/wp-content\/uploads\/2020\/11\/cotisations-pour-le-site.pdf\" target=\"_blank\" class=\"elementor-button-link elementor-button elementor-size-sm\" role=\"button\">\n\t\t\t\t\t\t<span class=\"elementor-button-content-wrapper\">\n\t\t\t\t\t\t<span class=\"elementor-button-text\">\u0421\u043a\u0430\u0447\u0430\u0442\u044c \u0431\u0440\u043e\u0448\u044e\u0440\u0443<\/span>\n\t\t<\/span>\n\t\t\t\t\t<\/a>\n\t\t<\/div>\n\t\t\t\t<\/div>\n\t\t\t\t<\/div>\n\t\t\t\t\t\t<\/div>\n\t\t\t\t\t<\/div>\n\t\t<\/div>\n\t\t\t\t\t\t\t\t<\/div>\n\t\t\t\t\t<\/div>\n\t\t<\/section>\n\t\t\t\t<div class=\"elementor-element elementor-element-1711ced elementor-widget elementor-widget-spacer\" data-id=\"1711ced\" data-element_type=\"widget\" data-widget_type=\"spacer.default\">\n\t\t\t\t<div class=\"elementor-widget-container\">\n\t\t\t\t\t<div class=\"elementor-spacer\">\n\t\t\t<div class=\"elementor-spacer-inner\"><\/div>\n\t\t<\/div>\n\t\t\t\t<\/div>\n\t\t\t\t<\/div>\n\t\t\t\t\t\t<\/div>\n\t\t\t\t\t<\/div>\n\t\t<\/div>\n\t\t\t\t\t\t\t\t<\/div>\n\t\t\t\t\t<\/div>\n\t\t<\/section>\n\t\t\t\t\t\t<\/div>\n\t\t\t\t\t\t<\/div>\n\t\t\t\t\t<\/div>","protected":false},"excerpt":{"rendered":"<p>\u041f\u043e\u0434\u0434\u0435\u0440\u0436\u0438\u0442\u0435 \u043d\u0430\u0441 \u0412\u044b \u043c\u043e\u0436\u0435\u0442\u0435 \u043f\u043e\u0434\u0434\u0435\u0440\u0436\u0430\u0442\u044c \u0430\u0441\u0441\u043e\u0446\u0438\u0430\u0446\u0438\u044e \"\u0424\u0440\u0430\u043d\u043a\u043e-\u0440\u043e\u0441\u0441\u0438\u0439\u0441\u043a\u0438\u0439 \u0434\u0438\u0430\u043b\u043e\u0433\" \u0435\u0434\u0438\u043d\u043e\u0432\u0440\u0435\u043c\u0435\u043d\u043d\u044b\u043c \u0438\u043b\u0438 \u0440\u0435\u0433\u0443\u043b\u044f\u0440\u043d\u044b\u043c \u043f\u043e\u0436\u0435\u0440\u0442\u0432\u043e\u0432\u0430\u043d\u0438\u0435\u043c. \u041a\u0430\u043a \u043f\u043e\u0436\u0435\u0440\u0442\u0432\u043e\u0432\u0430\u043d\u0438\u0435 \u0432 \u043f\u043e\u043b\u044c\u0437\u0443 \u043d\u0435\u043a\u043e\u043c\u043c\u0435\u0440\u0447\u0435\u0441\u043a\u043e\u0439 \u043e\u0440\u0433\u0430\u043d\u0438\u0437\u0430\u0446\u0438\u0438, \u043e\u043d\u043e \u0431\u0443\u0434\u0435\u0442 \u0432\u044b\u0447\u0442\u0435\u043d\u043e \u0438\u0437 \u0432\u0430\u0448\u0435\u0433\u043e \u043f\u043e\u0434\u043e\u0445\u043e\u0434\u043d\u043e\u0433\u043e \u043d\u0430\u043b\u043e\u0433\u0430 \u0432 \u0440\u0430\u0437\u043c\u0435\u0440\u0435 \u0434\u043e 66%. \u041f\u043e\u0441\u043b\u0435\u0434\u043d\u044f\u044f \u043c\u0438\u043d\u0443\u0442\u0430! \u0414\u043e\u0440\u043e\u0433\u0438\u0435 \u0434\u0440\u0443\u0437\u044c\u044f \"\u0424\u0440\u0430\u043d\u043a\u043e-\u0440\u043e\u0441\u0441\u0438\u0439\u0441\u043a\u043e\u0433\u043e \u0434\u0438\u0430\u043b\u043e\u0433\u0430\", \u043f\u043e \u043f\u0440\u0438\u0447\u0438\u043d\u0430\u043c, \u043d\u0435 \u0437\u0430\u0432\u0438\u0441\u044f\u0449\u0438\u043c \u043e\u0442 \u043d\u0430\u0441 [...]...<\/p>","protected":false},"author":1,"featured_media":0,"parent":0,"menu_order":0,"comment_status":"closed","ping_status":"closed","template":"","meta":{"footnotes":""},"class_list":["post-27","page","type-page","status-publish","hentry"],"yoast_head":"<!-- This site is optimized with the Yoast SEO plugin v15.1.1 - https:\/\/yoast.com\/wordpress\/plugins\/seo\/ -->\n<title>nous soutenir - Dialogue Franco Russe<\/title>\n<meta name=\"robots\" content=\"index, follow, max-snippet:-1, max-image-preview:large, max-video-preview:-1\" \/>\n<link rel=\"canonical\" href=\"https:\/\/dialoguefrancorusse.com\/ru\/we-support\/\" \/>\n<meta property=\"og:locale\" content=\"ru_RU\" \/>\n<meta property=\"og:type\" content=\"article\" \/>\n<meta property=\"og:title\" content=\"nous soutenir - Dialogue Franco Russe\" \/>\n<meta property=\"og:description\" content=\"Nous soutenir Vous pouvez choisir de soutenir l&rsquo;association Dialogue Franco Russe par l&rsquo;interm\u00e9diaire d&rsquo;un don, ponctuel ou r\u00e9gulier. En tant que donation \u00e0 une organisation non lucrative, il sera d\u00e9ductible du montant de vos imp\u00f4ts sur le revenu \u00e0 hauteur de 66%. Derni\u00e8re minute ! Chers amis du Dialogue Franco-Russe, Pour des raisons ind\u00e9pendantes de [&hellip;]\" \/>\n<meta property=\"og:url\" content=\"https:\/\/dialoguefrancorusse.com\/ru\/we-support\/\" \/>\n<meta property=\"og:site_name\" content=\"Dialogue Franco Russe\" \/>\n<meta property=\"article:publisher\" content=\"https:\/\/www.facebook.com\/dialoguefrancorusse\" \/>\n<meta property=\"article:modified_time\" content=\"2024-12-16T14:02:23+00:00\" \/>\n<meta name=\"twitter:card\" content=\"summary_large_image\" \/>\n<meta name=\"twitter:creator\" content=\"@dfr_paris\" \/>\n<meta name=\"twitter:site\" content=\"@dfr_paris\" \/>\n<script type=\"application\/ld+json\" class=\"yoast-schema-graph\">{\"@context\":\"https:\/\/schema.org\",\"@graph\":[{\"@type\":\"Organization\",\"@id\":\"https:\/\/dialoguefrancorusse.com\/ru\/#organization\",\"name\":\"Le Dialogue Franco Russe\",\"url\":\"https:\/\/dialoguefrancorusse.com\/ru\/\",\"sameAs\":[\"https:\/\/www.facebook.com\/dialoguefrancorusse\",\"https:\/\/www.youtube.com\/channel\/UC4MM3nXMxntRGNmZSClxz_g\",\"https:\/\/twitter.com\/dfr_paris\"],\"logo\":{\"@type\":\"ImageObject\",\"@id\":\"https:\/\/dialoguefrancorusse.com\/ru\/#logo\",\"inLanguage\":\"ru-RU\",\"url\":\"https:\/\/dialoguefrancorusse.com\/wp-content\/uploads\/2020\/08\/logo-detoure.png\",\"width\":597,\"height\":293,\"caption\":\"Le Dialogue Franco Russe\"},\"image\":{\"@id\":\"https:\/\/dialoguefrancorusse.com\/ru\/#logo\"}},{\"@type\":\"WebSite\",\"@id\":\"https:\/\/dialoguefrancorusse.com\/ru\/#website\",\"url\":\"https:\/\/dialoguefrancorusse.com\/ru\/\",\"name\":\"Dialogue Franco Russe\",\"description\":\"\",\"publisher\":{\"@id\":\"https:\/\/dialoguefrancorusse.com\/ru\/#organization\"},\"potentialAction\":[{\"@type\":\"SearchAction\",\"target\":\"https:\/\/dialoguefrancorusse.com\/ru\/?s={search_term_string}\",\"query-input\":\"required name=search_term_string\"}],\"inLanguage\":\"ru-RU\"},{\"@type\":\"WebPage\",\"@id\":\"https:\/\/dialoguefrancorusse.com\/nous-soutenir\/#webpage\",\"url\":\"https:\/\/dialoguefrancorusse.com\/nous-soutenir\/\",\"name\":\"nous soutenir - Dialogue Franco Russe\",\"isPartOf\":{\"@id\":\"https:\/\/dialoguefrancorusse.com\/ru\/#website\"},\"datePublished\":\"2020-08-24T12:59:35+00:00\",\"dateModified\":\"2024-12-16T14:02:23+00:00\",\"breadcrumb\":{\"@id\":\"https:\/\/dialoguefrancorusse.com\/nous-soutenir\/#breadcrumb\"},\"inLanguage\":\"ru-RU\",\"potentialAction\":[{\"@type\":\"ReadAction\",\"target\":[\"https:\/\/dialoguefrancorusse.com\/nous-soutenir\/\"]}]},{\"@type\":\"BreadcrumbList\",\"@id\":\"https:\/\/dialoguefrancorusse.com\/nous-soutenir\/#breadcrumb\",\"itemListElement\":[{\"@type\":\"ListItem\",\"position\":1,\"item\":{\"@type\":\"WebPage\",\"@id\":\"https:\/\/dialoguefrancorusse.com\/\",\"url\":\"https:\/\/dialoguefrancorusse.com\/\",\"name\":\"Accueil\"}},{\"@type\":\"ListItem\",\"position\":2,\"item\":{\"@type\":\"WebPage\",\"@id\":\"https:\/\/dialoguefrancorusse.com\/nous-soutenir\/\",\"url\":\"https:\/\/dialoguefrancorusse.com\/nous-soutenir\/\",\"name\":\"nous soutenir\"}}]}]}<\/script>\n<!-- \/ Yoast SEO plugin. -->","_links":{"self":[{"href":"https:\/\/dialoguefrancorusse.com\/ru\/wp-json\/wp\/v2\/pages\/27","targetHints":{"allow":["GET"]}}],"collection":[{"href":"https:\/\/dialoguefrancorusse.com\/ru\/wp-json\/wp\/v2\/pages"}],"about":[{"href":"https:\/\/dialoguefrancorusse.com\/ru\/wp-json\/wp\/v2\/types\/page"}],"author":[{"embeddable":true,"href":"https:\/\/dialoguefrancorusse.com\/ru\/wp-json\/wp\/v2\/users\/1"}],"replies":[{"embeddable":true,"href":"https:\/\/dialoguefrancorusse.com\/ru\/wp-json\/wp\/v2\/comments?post=27"}],"version-history":[{"count":22,"href":"https:\/\/dialoguefrancorusse.com\/ru\/wp-json\/wp\/v2\/pages\/27\/revisions"}],"predecessor-version":[{"id":6156,"href":"https:\/\/dialoguefrancorusse.com\/ru\/wp-json\/wp\/v2\/pages\/27\/revisions\/6156"}],"wp:attachment":[{"href":"https:\/\/dialoguefrancorusse.com\/ru\/wp-json\/wp\/v2\/media?parent=27"}],"curies":[{"name":"wp","href":"https:\/\/api.w.org\/{rel}","templated":true}]}}